{"id":1894,"date":"2016-11-28T11:13:20","date_gmt":"2016-11-28T11:13:20","guid":{"rendered":"https:\/\/www.mazruf.com.tr\/creative-business\/"},"modified":"2024-10-21T10:42:54","modified_gmt":"2024-10-21T10:42:54","slug":"creative-business","status":"publish","type":"page","link":"https:\/\/www.hayadasoft.com\/","title":{"rendered":"Hayadasoft Anasayfa"},"content":{"rendered":"<div class=\"wpb-content-wrapper\"><p>[vc_row section_type=&#8221;fullwidth&#8221; padding_top_multiplier=&#8221;2x&#8221; padding_bottom_multiplier=&#8221;2x&#8221; columns_gap=&#8221;60&#8243;][vc_column vertical_content_position=&#8221;middle&#8221; tablet_sm_width=&#8221;1&#8243; text_align=&#8221;center&#8221; css=&#8221;.vc_custom_1726060630544{padding-bottom: 20px !important;}&#8221;]<h5 class=\"eut-element eut-title eut-align-center eut-h5\" style=\"\"><span>B\u0130ZE G\u00dcVENEN T\u00dcRK\u0130YE MARKALARI<\/span><\/h5>[\/vc_column][vc_column][vc_row_inner][vc_column_inner width=&#8221;1\/6&#8243;][\/vc_column_inner][vc_column_inner width=&#8221;1\/6&#8243;]<div class=\"eut-element eut-image eut-align-center\" style=\"\">  <div class=\"eut-image-wrapper\"><img loading=\"lazy\" decoding=\"async\" width=\"280\" height=\"109\" src=\"https:\/\/www.hayadasoft.com\/wp-content\/uploads\/2024\/08\/client-1.jpg\" class=\"attachment-medium size-medium\" alt=\"\" \/>   <\/div><\/div>[\/vc_column_inner][vc_column_inner width=&#8221;1\/6&#8243;]<div class=\"eut-element eut-image eut-align-center\" style=\"\">  <div class=\"eut-image-wrapper\"><img loading=\"lazy\" decoding=\"async\" width=\"280\" height=\"109\" src=\"https:\/\/www.hayadasoft.com\/wp-content\/uploads\/2024\/08\/client-5.jpg\" class=\"attachment-full size-full\" alt=\"\" \/>   <\/div><\/div>[\/vc_column_inner][vc_column_inner width=&#8221;1\/6&#8243;]<div class=\"eut-element eut-image eut-align-center\" style=\"\">  <div class=\"eut-image-wrapper\"><img loading=\"lazy\" decoding=\"async\" width=\"300\" height=\"116\" src=\"https:\/\/www.hayadasoft.com\/wp-content\/uploads\/2024\/09\/b90627ed-8096-4e5b-9856-9526134d09a8-300x116.png\" class=\"attachment-medium size-medium\" alt=\"\" srcset=\"https:\/\/www.hayadasoft.com\/wp-content\/uploads\/2024\/09\/b90627ed-8096-4e5b-9856-9526134d09a8-300x116.png 300w, https:\/\/www.hayadasoft.com\/wp-content\/uploads\/2024\/09\/b90627ed-8096-4e5b-9856-9526134d09a8.png 666w\" sizes=\"auto, (max-width: 300px) 100vw, 300px\" \/>   <\/div><\/div>[\/vc_column_inner][vc_column_inner width=&#8221;1\/6&#8243;]<div class=\"eut-element eut-image eut-align-center\" style=\"\">  <div class=\"eut-image-wrapper\"><img loading=\"lazy\" decoding=\"async\" width=\"300\" height=\"86\" src=\"https:\/\/www.hayadasoft.com\/wp-content\/uploads\/2024\/09\/images-removebg-preview-1-300x86.png\" class=\"attachment-medium size-medium\" alt=\"\" srcset=\"https:\/\/www.hayadasoft.com\/wp-content\/uploads\/2024\/09\/images-removebg-preview-1-300x86.png 300w, https:\/\/www.hayadasoft.com\/wp-content\/uploads\/2024\/09\/images-removebg-preview-1.png 419w\" sizes=\"auto, (max-width: 300px) 100vw, 300px\" \/>   <\/div><\/div>[\/vc_column_inner][vc_column_inner width=&#8221;1\/6&#8243;][\/vc_column_inner][vc_column_inner][vc_empty_space][\/vc_column_inner][\/vc_row_inner][vc_row_inner][vc_column_inner width=&#8221;1\/6&#8243;][\/vc_column_inner][vc_column_inner width=&#8221;1\/6&#8243;]<div class=\"eut-element eut-image eut-align-center\" style=\"\">  <div class=\"eut-image-wrapper\"><img loading=\"lazy\" decoding=\"async\" width=\"280\" height=\"109\" src=\"https:\/\/www.hayadasoft.com\/wp-content\/uploads\/2024\/08\/client-10.jpg\" class=\"attachment-full size-full\" alt=\"\" \/>   <\/div><\/div>[\/vc_column_inner][vc_column_inner width=&#8221;1\/6&#8243;]<div class=\"eut-element eut-image eut-align-center\" style=\"\">  <div class=\"eut-image-wrapper\"><img loading=\"lazy\" decoding=\"async\" width=\"280\" height=\"109\" src=\"https:\/\/www.hayadasoft.com\/wp-content\/uploads\/2024\/08\/client-16.jpg\" class=\"attachment-full size-full\" alt=\"\" \/>   <\/div><\/div>[\/vc_column_inner][vc_column_inner width=&#8221;1\/6&#8243;]<div class=\"eut-element eut-image eut-align-center\" style=\"\">  <div class=\"eut-image-wrapper\"><img loading=\"lazy\" decoding=\"async\" width=\"280\" height=\"109\" src=\"https:\/\/www.hayadasoft.com\/wp-content\/uploads\/2024\/08\/client-8.jpg\" class=\"attachment-full size-full\" alt=\"\" \/>   <\/div><\/div>[\/vc_column_inner][vc_column_inner width=&#8221;1\/6&#8243; css=&#8221;.vc_custom_1726042669005{padding-top: 10px !important;}&#8221;]<div class=\"eut-element eut-image eut-align-center\" style=\"\">  <div class=\"eut-image-wrapper\"><img loading=\"lazy\" decoding=\"async\" width=\"300\" height=\"103\" src=\"https:\/\/www.hayadasoft.com\/wp-content\/uploads\/2024\/09\/Odeabank_Logo-w.png-removebg-preview-300x103.png\" class=\"attachment-medium size-medium\" alt=\"\" srcset=\"https:\/\/www.hayadasoft.com\/wp-content\/uploads\/2024\/09\/Odeabank_Logo-w.png-removebg-preview-300x103.png 300w, https:\/\/www.hayadasoft.com\/wp-content\/uploads\/2024\/09\/Odeabank_Logo-w.png-removebg-preview.png 600w\" sizes=\"auto, (max-width: 300px) 100vw, 300px\" \/>   <\/div><\/div>[\/vc_column_inner][vc_column_inner width=&#8221;1\/6&#8243; css=&#8221;.vc_custom_1726042675421{padding-top: 30px !important;}&#8221;][\/vc_column_inner][\/vc_row_inner][\/vc_column][\/vc_row][vc_row heading_color=&#8221;light&#8221; section_type=&#8221;fullwidth&#8221; bg_type=&#8221;color&#8221; padding_top_multiplier=&#8221;&#8221; padding_bottom_multiplier=&#8221;&#8221; columns_gap=&#8221;none&#8221; equal_column_height=&#8221;middle-content&#8221; font_color=&#8221;#ffffff&#8221; bg_color=&#8221;#1b272b&#8221;][vc_column width=&#8221;1\/2&#8243; css=&#8221;.vc_custom_1485431686119{padding-top: 5% !important;padding-right: 12% !important;padding-bottom: 5% !important;padding-left: 12% !important;}&#8221;]<div class=\"eut-empty-space eut-height-6x\" style=\"\"><\/div>[vc_column_text css=&#8221;&#8221; text_style=&#8221;leader-text&#8221; animation=&#8221;eut-fade-in-up&#8221; animation_delay=&#8221;400&#8243;]<\/p>\n<h4 style=\"text-align: center;\">Bizim i\u015fimiz, dinlemek, anlamak ve \u00e7\u00f6z\u00fcm bulmakt\u0131r.<\/h4>\n<p>[\/vc_column_text]<div class=\"eut-empty-space eut-height-1x\" style=\"\"><\/div><div class=\"eut-element eut-align-center eut-animated-item eut-zoom-in eut-duration-normal\" data-delay=\"300\"><a href=\"https:\/\/www.hayadasoft.com\/?page_id=897\" title=\"Hakk\u0131m\u0131zda\" class=\"eut-btn eut-btn-medium eut-square eut-bg-primary-1 eut-bg-hover-white\"><span>Biz Kimiz?<\/span><\/a><\/div><div class=\"eut-empty-space eut-height-6x\" style=\"\"><\/div>[\/vc_column][vc_column width=&#8221;1\/2&#8243; css=&#8221;.vc_custom_1725549063414{background-image: url(https:\/\/www.hayadasoft.com\/wp-content\/uploads\/2024\/09\/pexels-fauxels-3183150-scaled-1.jpg?id=4495) !important;background-position: center !important;background-repeat: no-repeat !important;background-size: contain !important;}&#8221;][\/vc_column][\/vc_row][vc_row padding_top_multiplier=&#8221;&#8221;][vc_column text_align=&#8221;center&#8221;]<h3 class=\"eut-element eut-title eut-align-center eut-h4\" style=\"\"><span><br>\n<p style=\"text-align: center;\">\u00dcr\u00fcnlerimiz<br>\n<\/span><\/h3><div class=\"eut-element eut-divider\" style=\"\"><div class=\"eut-line-divider eut-border\"><\/div><\/div>[\/vc_column][\/vc_row][vc_row section_type=&#8221;fullwidth&#8221; padding_top_multiplier=&#8221;&#8221; padding_bottom_multiplier=&#8221;3x&#8221;][vc_column width=&#8221;1\/12&#8243; mobile_width=&#8221;hide&#8221;][\/vc_column][vc_column column_custom_position=&#8221;yes&#8221; width=&#8221;1\/5&#8243; el_wrapper_class=&#8221;eut-drop-shadow&#8221; css=&#8221;.vc_custom_1726060814290{padding-top: 60px !important;padding-right: 30px !important;padding-bottom: 60px !important;padding-left: 30px !important;background-color: #ffffff !important;border-radius: 5px !important;}&#8221;]<div class=\"eut-element eut-box-icon eut-small eut-top-icon eut-align-center\" style=\"margin-bottom: 20px;\"><div class=\"eut-image-icon\"><img loading=\"lazy\" decoding=\"async\" width=\"462\" height=\"86\" src=\"https:\/\/www.hayadasoft.com\/wp-content\/uploads\/2024\/09\/hukukpartner40_asdasdlogin-removebg-preview.png\" class=\"attachment-full size-full\" alt=\"\" srcset=\"https:\/\/www.hayadasoft.com\/wp-content\/uploads\/2024\/09\/hukukpartner40_asdasdlogin-removebg-preview.png 462w, https:\/\/www.hayadasoft.com\/wp-content\/uploads\/2024\/09\/hukukpartner40_asdasdlogin-removebg-preview-300x56.png 300w\" sizes=\"auto, (max-width: 462px) 100vw, 462px\" \/><\/div><div class=\"eut-box-content\">  <p class=\"\">Bir hukuk b\u00fcrosunun ihtiyac\u0131 olan her \u015fey tek bir yaz\u0131l\u0131mda.<\/p><\/div><\/div><div class=\"eut-element eut-align-center\"><a href=\"https:\/\/hukukpartner.hayadasoft.com\/\" title=\"Hukuk Partner\" class=\"eut-btn eut-btn-medium eut-square eut-bg-primary-1 eut-bg-hover-primary-1 eut-btn-line\" target=\"_blank\" rel=\"noopener\"><span>Ayr\u0131nt\u0131l\u0131 Bilgi<\/span><\/a><\/div>[\/vc_column][vc_column column_custom_position=&#8221;yes&#8221; width=&#8221;1\/5&#8243; el_wrapper_class=&#8221;eut-drop-shadow&#8221; css=&#8221;.vc_custom_1726060843786{padding-top: 60px !important;padding-right: 30px !important;padding-bottom: 60px !important;padding-left: 30px !important;background-color: #ffffff !important;border-radius: 5px !important;}&#8221;]<div class=\"eut-element eut-box-icon eut-small eut-top-icon eut-align-center\" style=\"margin-bottom: 20px;\"><div class=\"eut-image-icon\"><img loading=\"lazy\" decoding=\"async\" width=\"369\" height=\"68\" src=\"https:\/\/www.hayadasoft.com\/wp-content\/uploads\/2024\/08\/qbiz2-rotated-e1726061655895.jpg\" class=\"attachment-full size-full\" alt=\"\" srcset=\"https:\/\/www.hayadasoft.com\/wp-content\/uploads\/2024\/08\/qbiz2-rotated-e1726061655895.jpg 369w, https:\/\/www.hayadasoft.com\/wp-content\/uploads\/2024\/08\/qbiz2-rotated-e1726061655895-300x55.jpg 300w\" sizes=\"auto, (max-width: 369px) 100vw, 369px\" \/><\/div><div class=\"eut-box-content\">  <p class=\"\">Q-Biz ile \u015firketinizin anl\u0131k bilgisine sahip olun.<br \/>\nVeri y\u0131\u011f\u0131nlar\u0131 i\u00e7inde kaybolmay\u0131n.<\/p><\/div><\/div><div class=\"eut-element eut-align-center\"><a href=\"https:\/\/qbiz.hayadasoft.com\/\" title=\"Q-Biz\" class=\"eut-btn eut-btn-medium eut-square eut-bg-primary-1 eut-bg-hover-primary-1 eut-btn-line\" target=\"_blank\" rel=\"noopener\"><span>Ayr\u0131nt\u0131l\u0131 Bilgi<\/span><\/a><\/div>[\/vc_column][vc_column width=&#8221;1\/5&#8243; el_wrapper_class=&#8221;eut-drop-shadow&#8221; css=&#8221;.vc_custom_1726061001970{padding-top: 60px !important;padding-right: 30px !important;padding-bottom: 60px !important;padding-left: 30px !important;}&#8221;]<div class=\"eut-element eut-box-icon eut-small eut-top-icon eut-align-center\" style=\"margin-bottom: 20px;\"><div class=\"eut-image-icon\"><img loading=\"lazy\" decoding=\"async\" width=\"391\" height=\"146\" src=\"https:\/\/www.hayadasoft.com\/wp-content\/uploads\/2024\/09\/Resim1-1.png\" class=\"attachment-full size-full\" alt=\"\" srcset=\"https:\/\/www.hayadasoft.com\/wp-content\/uploads\/2024\/09\/Resim1-1.png 391w, https:\/\/www.hayadasoft.com\/wp-content\/uploads\/2024\/09\/Resim1-1-300x112.png 300w\" sizes=\"auto, (max-width: 391px) 100vw, 391px\" \/><\/div><div class=\"eut-box-content\">  <p class=\"\">UYAP kurumsal web servis kullan\u0131m hakk\u0131 olanlar i\u00e7in vazge\u00e7ilmez bir \u00e7\u00f6z\u00fcm.<\/p><\/div><\/div><div class=\"eut-element eut-align-center\"><a href=\"https:\/\/hukukpartner.hayadasoft.com\/\" title=\"Local Server\" class=\"eut-btn eut-btn-medium eut-square eut-bg-primary-1 eut-bg-hover-primary-1 eut-btn-line\" target=\"_blank\" rel=\"noopener\"><span>Ayr\u0131nt\u0131l\u0131 Bilgi<\/span><\/a><\/div>[\/vc_column][vc_column width=&#8221;1\/5&#8243; el_wrapper_class=&#8221;eut-drop-shadow&#8221; css=&#8221;.vc_custom_1726061028925{padding-top: 60px !important;padding-right: 30px !important;padding-bottom: 60px !important;padding-left: 30px !important;}&#8221;]<div class=\"eut-element eut-box-icon eut-small eut-top-icon eut-align-center\" style=\"margin-bottom: 20px;\"><div class=\"eut-image-icon\"><img loading=\"lazy\" decoding=\"async\" width=\"442\" height=\"147\" src=\"https:\/\/www.hayadasoft.com\/wp-content\/uploads\/2024\/08\/mazruf_test_logo_siyah-1.png\" class=\"attachment-full size-full\" alt=\"\" srcset=\"https:\/\/www.hayadasoft.com\/wp-content\/uploads\/2024\/08\/mazruf_test_logo_siyah-1.png 442w, https:\/\/www.hayadasoft.com\/wp-content\/uploads\/2024\/08\/mazruf_test_logo_siyah-1-300x100.png 300w\" sizes=\"auto, (max-width: 442px) 100vw, 442px\" \/><\/div><div class=\"eut-box-content\">  <p class=\"\">Web tabanl\u0131 uygulama geli\u015ftirmenin en kolay ve h\u0131zl\u0131 yolu.<\/p><\/div><\/div><div class=\"eut-element eut-align-center\"><a href=\"https:\/\/mazruf.hayadasoft.com\/\" title=\"Mazruf\" class=\"eut-btn eut-btn-medium eut-square eut-bg-primary-1 eut-bg-hover-primary-1 eut-btn-line\" target=\"_blank\" rel=\"noopener\"><span>Ayr\u0131nt\u0131l\u0131 Bilgi<\/span><\/a><\/div>[\/vc_column][\/vc_row][vc_row heading_color=&#8221;light&#8221; bg_type=&#8221;color&#8221; padding_top_multiplier=&#8221;2x&#8221; padding_bottom_multiplier=&#8221;2x&#8221; bg_color=&#8221;#f95f51&#8243; font_color=&#8221;#ffffff&#8221;][vc_column width=&#8221;1\/6&#8243; tablet_sm_width=&#8221;hide&#8221;][\/vc_column][vc_column width=&#8221;2\/3&#8243; tablet_sm_width=&#8221;1&#8243;]<div class=\"eut-element eut-callout eut-btn-right\" style=\"\">  <div class=\"eut-callout-wrapper\"><h3 class=\"eut-callout-content eut-h5\">Akl\u0131n\u0131za tak\u0131lan ba\u015fka bir soru mu var?<\/h3>  <\/div>  <div class=\"eut-button-wrapper\"><a href=\"https:\/\/www.hayadasoft.com\/?page_id=1990\" title=\"Bize Ula\u015f\u0131n\" class=\"eut-btn eut-btn-medium eut-square eut-bg-white eut-bg-hover-black eut-btn-line\"><span>Bize Ula\u015f\u0131n<\/span><\/a>  <\/div><\/div>[\/vc_column][vc_column width=&#8221;1\/6&#8243; tablet_sm_width=&#8221;hide&#8221;][\/vc_column][\/vc_row]<\/p>\n<\/div>","protected":false},"excerpt":{"rendered":"<p>[vc_row section_type=&#8221;fullwidth&#8221; padding_top_multiplier=&#8221;2x&#8221; padding_bottom_multiplier=&#8221;2x&#8221; columns_gap=&#8221;60&#8243;][vc_column vertical_content_position=&#8221;middle&#8221; tablet_sm_width=&#8221;1&#8243; text_align=&#8221;center&#8221; css=&#8221;.vc_custom_1726060630544{padding-bottom: 20px !important;}&#8221;][\/vc_column][vc_column][vc_row_inner][vc_column_inner width=&#8221;1\/6&#8243;][\/vc_column_inner][vc_column_inner width=&#8221;1\/6&#8243;][\/vc_column_inner][vc_column_inner width=&#8221;1\/6&#8243;][\/vc_column_inner][vc_column_inner width=&#8221;1\/6&#8243;][\/vc_column_inner][vc_column_inner width=&#8221;1\/6&#8243;][\/vc_column_inner][vc_column_inner width=&#8221;1\/6&#8243;][\/vc_column_inner][vc_column_inner][vc_empty_space][\/vc_column_inner][\/vc_row_inner][vc_row_inner][vc_column_inner width=&#8221;1\/6&#8243;][\/vc_column_inner][vc_column_inner width=&#8221;1\/6&#8243;][\/vc_column_inner][vc_column_inner width=&#8221;1\/6&#8243;][\/vc_column_inner][vc_column_inner width=&#8221;1\/6&#8243;][\/vc_column_inner][vc_column_inner width=&#8221;1\/6&#8243; css=&#8221;.vc_custom_1726042669005{padding-top: 10px !important;}&#8221;][\/vc_column_inner][vc_column_inner width=&#8221;1\/6&#8243; css=&#8221;.vc_custom_1726042675421{padding-top: 30px !important;}&#8221;][\/vc_column_inner][\/vc_row_inner][\/vc_column][\/vc_row][vc_row heading_color=&#8221;light&#8221; section_type=&#8221;fullwidth&#8221; bg_type=&#8221;color&#8221; padding_top_multiplier=&#8221;&#8221; padding_bottom_multiplier=&#8221;&#8221; columns_gap=&#8221;none&#8221; equal_column_height=&#8221;middle-content&#8221; font_color=&#8221;#ffffff&#8221; bg_color=&#8221;#1b272b&#8221;][vc_column width=&#8221;1\/2&#8243; css=&#8221;.vc_custom_1485431686119{padding-top: 5% !important;padding-right: 12% !important;padding-bottom: 5% !important;padding-left: 12% !important;}&#8221;][vc_column_text css=&#8221;&#8221; text_style=&#8221;leader-text&#8221; animation=&#8221;eut-fade-in-up&#8221; animation_delay=&#8221;400&#8243;] Bizim i\u015fimiz, dinlemek, [&hellip;]<\/p>\n","protected":false},"author":1,"featured_media":0,"parent":0,"menu_order":0,"comment_status":"closed","ping_status":"closed","template":"","meta":{"footnotes":""},"class_list":["post-1894","page","type-page","status-publish","hentry"],"_links":{"self":[{"href":"https:\/\/www.hayadasoft.com\/index.php?rest_route=\/wp\/v2\/pages\/1894","targetHints":{"allow":["GET"]}}],"collection":[{"href":"https:\/\/www.hayadasoft.com\/index.php?rest_route=\/wp\/v2\/pages"}],"about":[{"href":"https:\/\/www.hayadasoft.com\/index.php?rest_route=\/wp\/v2\/types\/page"}],"author":[{"embeddable":true,"href":"https:\/\/www.hayadasoft.com\/index.php?rest_route=\/wp\/v2\/users\/1"}],"replies":[{"embeddable":true,"href":"https:\/\/www.hayadasoft.com\/index.php?rest_route=%2Fwp%2Fv2%2Fcomments&post=1894"}],"version-history":[{"count":180,"href":"https:\/\/www.hayadasoft.com\/index.php?rest_route=\/wp\/v2\/pages\/1894\/revisions"}],"predecessor-version":[{"id":4758,"href":"https:\/\/www.hayadasoft.com\/index.php?rest_route=\/wp\/v2\/pages\/1894\/revisions\/4758"}],"wp:attachment":[{"href":"https:\/\/www.hayadasoft.com\/index.php?rest_route=%2Fwp%2Fv2%2Fmedia&parent=1894"}],"curies":[{"name":"wp","href":"https:\/\/api.w.org\/{rel}","templated":true}]}}