{"id":3842,"date":"2024-08-22T08:30:40","date_gmt":"2024-08-22T08:30:40","guid":{"rendered":"https:\/\/www.mazruf.com.tr\/?page_id=3842"},"modified":"2024-09-20T14:25:54","modified_gmt":"2024-09-20T14:25:54","slug":"urunler","status":"publish","type":"page","link":"https:\/\/www.hayadasoft.com\/?page_id=3842","title":{"rendered":"\u00dcr\u00fcnler"},"content":{"rendered":"<div class=\"wpb-content-wrapper\"><p>[vc_row padding_top_multiplier=&#8221;&#8221; padding_bottom_multiplier=&#8221;3x&#8221;][vc_column text_align=&#8221;center&#8221;]<h3 class=\"eut-element eut-title eut-align-left eut-h3\" style=\"\"><span><br>\n<p style=\"text-align: left;\">\u00dcr\u00fcnlerimiz<br>\n<\/span><\/h3><div class=\"eut-element eut-divider\" style=\"\"><div class=\"eut-line-divider eut-border\"><\/div><\/div>[\/vc_column][\/vc_row][vc_row section_type=&#8221;fullwidth&#8221; padding_top_multiplier=&#8221;&#8221; padding_bottom_multiplier=&#8221;3x&#8221;][vc_column width=&#8221;1\/12&#8243; mobile_width=&#8221;hide&#8221;][\/vc_column][vc_column column_custom_position=&#8221;yes&#8221; width=&#8221;1\/5&#8243; el_wrapper_class=&#8221;eut-drop-shadow&#8221; css=&#8221;.vc_custom_1726123181109{padding-top: 60px !important;padding-right: 30px !important;padding-bottom: 60px !important;padding-left: 30px !important;background-color: #ffffff !important;border-radius: 5px !important;}&#8221;]<div class=\"eut-element eut-box-icon eut-small eut-top-icon eut-align-center\" style=\"margin-bottom: 20px;\"><div class=\"eut-image-icon\"><img loading=\"lazy\" decoding=\"async\" width=\"462\" height=\"86\" src=\"https:\/\/www.hayadasoft.com\/wp-content\/uploads\/2024\/09\/hukukpartner40_asdasdlogin-removebg-preview.png\" class=\"attachment-full size-full\" alt=\"\" srcset=\"https:\/\/www.hayadasoft.com\/wp-content\/uploads\/2024\/09\/hukukpartner40_asdasdlogin-removebg-preview.png 462w, https:\/\/www.hayadasoft.com\/wp-content\/uploads\/2024\/09\/hukukpartner40_asdasdlogin-removebg-preview-300x56.png 300w\" sizes=\"auto, (max-width: 462px) 100vw, 462px\" \/><\/div><div class=\"eut-box-content\">  <p class=\"\">Bir hukuk b\u00fcrosunun ihtiyac\u0131 olan her \u015fey tek bir yaz\u0131l\u0131mda.<\/p><\/div><\/div><div class=\"eut-element eut-align-center\"><a href=\"https:\/\/hukukpartner.hayadasoft.com\/\" title=\"Hukuk Partner\" class=\"eut-btn eut-btn-medium eut-square eut-bg-primary-1 eut-bg-hover-primary-1 eut-btn-line\" target=\"_blank\" rel=\"noopener\"><span>Ayr\u0131nt\u0131l\u0131 Bilgi<\/span><\/a><\/div>[\/vc_column][vc_column column_custom_position=&#8221;yes&#8221; width=&#8221;1\/5&#8243; el_wrapper_class=&#8221;eut-drop-shadow&#8221; css=&#8221;.vc_custom_1726060843786{padding-top: 60px !important;padding-right: 30px !important;padding-bottom: 60px !important;padding-left: 30px !important;background-color: #ffffff !important;border-radius: 5px !important;}&#8221;]<div class=\"eut-element eut-box-icon eut-small eut-top-icon eut-align-center\" style=\"margin-bottom: 20px;\"><div class=\"eut-image-icon\"><img loading=\"lazy\" decoding=\"async\" width=\"369\" height=\"68\" src=\"https:\/\/www.hayadasoft.com\/wp-content\/uploads\/2024\/08\/qbiz2-rotated-e1726061655895.jpg\" class=\"attachment-full size-full\" alt=\"\" srcset=\"https:\/\/www.hayadasoft.com\/wp-content\/uploads\/2024\/08\/qbiz2-rotated-e1726061655895.jpg 369w, https:\/\/www.hayadasoft.com\/wp-content\/uploads\/2024\/08\/qbiz2-rotated-e1726061655895-300x55.jpg 300w\" sizes=\"auto, (max-width: 369px) 100vw, 369px\" \/><\/div><div class=\"eut-box-content\">  <p class=\"\">Q-Biz ile \u015firketinizin anl\u0131k bilgisine sahip olun.<br \/>\nVeri y\u0131\u011f\u0131nlar\u0131 i\u00e7inde kaybolmay\u0131n.<\/p><\/div><\/div><div class=\"eut-element eut-align-center\"><a href=\"https:\/\/qbiz.hayadasoft.com\/\" title=\"Q-Biz\" class=\"eut-btn eut-btn-medium eut-square eut-bg-primary-1 eut-bg-hover-primary-1 eut-btn-line\" target=\"_blank\" rel=\"noopener\"><span>Ayr\u0131nt\u0131l\u0131 Bilgi<\/span><\/a><\/div>[\/vc_column][vc_column width=&#8221;1\/5&#8243; el_wrapper_class=&#8221;eut-drop-shadow&#8221; css=&#8221;.vc_custom_1726647500951{padding-top: 60px !important;padding-right: 30px !important;padding-bottom: 60px !important;padding-left: 30px !important;border-radius: 5px !important;}&#8221;]<div class=\"eut-element eut-box-icon eut-small eut-top-icon eut-align-center\" style=\"margin-bottom: 20px;\"><div class=\"eut-image-icon\"><img loading=\"lazy\" decoding=\"async\" width=\"391\" height=\"146\" src=\"https:\/\/www.hayadasoft.com\/wp-content\/uploads\/2024\/09\/Resim1-1.png\" class=\"attachment-full size-full\" alt=\"\" srcset=\"https:\/\/www.hayadasoft.com\/wp-content\/uploads\/2024\/09\/Resim1-1.png 391w, https:\/\/www.hayadasoft.com\/wp-content\/uploads\/2024\/09\/Resim1-1-300x112.png 300w\" sizes=\"auto, (max-width: 391px) 100vw, 391px\" \/><\/div><div class=\"eut-box-content\">  <p class=\"\">UYAP kurumsal web servis kullan\u0131m hakk\u0131 olanlar i\u00e7in vazge\u00e7ilmez bir \u00e7\u00f6z\u00fcm.<\/p><\/div><\/div><div class=\"eut-element eut-align-center\"><a href=\"https:\/\/hukukpartner.hayadasoft.com\/\" title=\"Q-Biz\" class=\"eut-btn eut-btn-medium eut-square eut-bg-primary-1 eut-bg-hover-primary-1 eut-btn-line\" target=\"_blank\" rel=\"noopener\"><span>Ayr\u0131nt\u0131l\u0131 Bilgi<\/span><\/a><\/div>[\/vc_column][vc_column width=&#8221;1\/5&#8243; el_wrapper_class=&#8221;eut-drop-shadow&#8221; css=&#8221;.vc_custom_1726647519499{padding-top: 60px !important;padding-right: 30px !important;padding-bottom: 60px !important;padding-left: 30px !important;border-radius: 5px !important;}&#8221;]<div class=\"eut-element eut-box-icon eut-small eut-top-icon eut-align-center\" style=\"margin-bottom: 20px;\"><div class=\"eut-image-icon\"><img loading=\"lazy\" decoding=\"async\" width=\"442\" height=\"147\" src=\"https:\/\/www.hayadasoft.com\/wp-content\/uploads\/2024\/08\/mazruf_test_logo_siyah-1.png\" class=\"attachment-full size-full\" alt=\"\" srcset=\"https:\/\/www.hayadasoft.com\/wp-content\/uploads\/2024\/08\/mazruf_test_logo_siyah-1.png 442w, https:\/\/www.hayadasoft.com\/wp-content\/uploads\/2024\/08\/mazruf_test_logo_siyah-1-300x100.png 300w\" sizes=\"auto, (max-width: 442px) 100vw, 442px\" \/><\/div><div class=\"eut-box-content\">  <p class=\"\">Web tabanl\u0131 uygulama geli\u015ftirmenin en kolay ve h\u0131zl\u0131 yolu.<\/p><\/div><\/div><div class=\"eut-element eut-align-center\"><a href=\"https:\/\/mazruf.hayadasoft.com\/\" title=\"Mazruf\" class=\"eut-btn eut-btn-medium eut-square eut-bg-primary-1 eut-bg-hover-primary-1 eut-btn-line\" target=\"_blank\" rel=\"noopener\"><span>Ayr\u0131nt\u0131l\u0131 Bilgi<\/span><\/a><\/div>[\/vc_column][\/vc_row]<\/p>\n<\/div>","protected":false},"excerpt":{"rendered":"<p>[vc_row padding_top_multiplier=&#8221;&#8221; padding_bottom_multiplier=&#8221;3x&#8221;][vc_column text_align=&#8221;center&#8221;][\/vc_column][\/vc_row][vc_row section_type=&#8221;fullwidth&#8221; padding_top_multiplier=&#8221;&#8221; padding_bottom_multiplier=&#8221;3x&#8221;][vc_column width=&#8221;1\/12&#8243; mobile_width=&#8221;hide&#8221;][\/vc_column][vc_column column_custom_position=&#8221;yes&#8221; width=&#8221;1\/5&#8243; el_wrapper_class=&#8221;eut-drop-shadow&#8221; css=&#8221;.vc_custom_1726123181109{padding-top: 60px !important;padding-right: 30px !important;padding-bottom: 60px !important;padding-left: 30px !important;background-color: #ffffff !important;border-radius: 5px !important;}&#8221;][\/vc_column][vc_column column_custom_position=&#8221;yes&#8221; width=&#8221;1\/5&#8243; el_wrapper_class=&#8221;eut-drop-shadow&#8221; css=&#8221;.vc_custom_1726060843786{padding-top: 60px !important;padding-right: 30px !important;padding-bottom: 60px !important;padding-left: 30px !important;background-color: #ffffff !important;border-radius: 5px !important;}&#8221;][\/vc_column][vc_column width=&#8221;1\/5&#8243; el_wrapper_class=&#8221;eut-drop-shadow&#8221; css=&#8221;.vc_custom_1726647500951{padding-top: 60px !important;padding-right: 30px !important;padding-bottom: 60px !important;padding-left: 30px !important;border-radius: 5px !important;}&#8221;][\/vc_column][vc_column width=&#8221;1\/5&#8243; [&hellip;]<\/p>\n","protected":false},"author":1,"featured_media":0,"parent":0,"menu_order":0,"comment_status":"closed","ping_status":"closed","template":"","meta":{"footnotes":""},"class_list":["post-3842","page","type-page","status-publish","hentry"],"_links":{"self":[{"href":"https:\/\/www.hayadasoft.com\/index.php?rest_route=\/wp\/v2\/pages\/3842","targetHints":{"allow":["GET"]}}],"collection":[{"href":"https:\/\/www.hayadasoft.com\/index.php?rest_route=\/wp\/v2\/pages"}],"about":[{"href":"https:\/\/www.hayadasoft.com\/index.php?rest_route=\/wp\/v2\/types\/page"}],"author":[{"embeddable":true,"href":"https:\/\/www.hayadasoft.com\/index.php?rest_route=\/wp\/v2\/users\/1"}],"replies":[{"embeddable":true,"href":"https:\/\/www.hayadasoft.com\/index.php?rest_route=%2Fwp%2Fv2%2Fcomments&post=3842"}],"version-history":[{"count":35,"href":"https:\/\/www.hayadasoft.com\/index.php?rest_route=\/wp\/v2\/pages\/3842\/revisions"}],"predecessor-version":[{"id":4752,"href":"https:\/\/www.hayadasoft.com\/index.php?rest_route=\/wp\/v2\/pages\/3842\/revisions\/4752"}],"wp:attachment":[{"href":"https:\/\/www.hayadasoft.com\/index.php?rest_route=%2Fwp%2Fv2%2Fmedia&parent=3842"}],"curies":[{"name":"wp","href":"https:\/\/api.w.org\/{rel}","templated":true}]}}